{"id":2321,"date":"2014-11-14T12:21:18","date_gmt":"2014-11-14T12:21:18","guid":{"rendered":"http:\/\/themes.muffingroup.com\/be\/press\/?page_id=2"},"modified":"2026-04-23T11:34:31","modified_gmt":"2026-04-23T17:34:31","slug":"home","status":"publish","type":"page","link":"https:\/\/bambapolitica.com.mx\/","title":{"rendered":"\u2018Damos l\u00e1stima\u2019: Polic\u00edas se van a paro en Jonuta, Tabasco; piden salarios dignos y patrullas"},"content":{"rendered":"\n<p>Polic\u00edas tabasque\u00f1os se\u00f1alaron el abandono por parte de las autoridades, pues no cuentan con equipo ni patrullas, ni salarios dignos.<\/p>\n\n\n\n<p>&nbsp;<a href=\"https:\/\/www.elfinanciero.com.mx\/estados\/2026\/01\/29\/cunduacan-tabasco-se-queda-sin-seguridad-policias-municipales-realizan-paro-exigen-aumento-salarial\/\" target=\"_blank\" rel=\"noreferrer noopener\">Polic\u00edas de la Secretar\u00eda Seguridad P\u00fablica de Tabasco<\/a>, en el municipio de Jonuta, se declararon en<strong>&nbsp;paro laboral<\/strong>&nbsp;y tomaron las instalaciones del ayuntamiento en protesta por la falta de equipo, salarios dignos y lo que califican como&nbsp;<strong>abandono por parte de las autoridades locales.<\/strong><\/p>\n\n\n\n<p>Los uniformados se\u00f1alaron que desde inicios de abril hab\u00edan denunciado las condiciones precarias en las que desempe\u00f1an sus funciones; sin embargo, ante la falta de respuesta, decidieron intensificar sus acciones.<\/p>\n\n\n\n<p>Ruddy P\u00e9rez P\u00e9rez, uno de los afectados, destac\u00f3 que enviaron un oficio el pasado 14 de abril al Poder Ejecutivo estatal y al Congreso local, en donde advirtieron que&nbsp;<strong>la seguridad en Jonuta se encuentra en un estado \u201cdeplorable\u201d<\/strong>, lo que deja a la poblaci\u00f3n en situaci\u00f3n de vulnerabilidad.<\/p>\n\n\n\n<p>En el documento expusieron que, del parque vehicular necesario para operar, \u00fanicamente cuentan con una camioneta tipo pickup, un sed\u00e1n y dos motocicletas, mientras que&nbsp;<strong>11 patrullas permanecen inservibles por falta de mantenimiento<\/strong>.<\/p>\n\n\n\n<p>\u201cSomos en la actualidad polic\u00edas de a pie, no tenemos capacidad para atender el llamado de la poblaci\u00f3n\u201d, denunciaron.Asimismo, acusaron que portan uniformes heredados de la administraci\u00f3n pasada.<\/p>\n\n\n\n<p>\u201cDamos l\u00e1stima\u201d, lamentaron, al destacar que no generan el respeto necesario para el desempe\u00f1o de su labor.<\/p>\n\n\n\n<p>Entre sus demandas, los elementos solicitaron la instalaci\u00f3n de una mesa de trabajo entre el Gobierno estatal y la<strong>&nbsp;alcaldesa Mar\u00eda Soledad Villamayor<\/strong>, con el objetivo de atender al menos nueve puntos prioritarios, como la&nbsp;<a href=\"https:\/\/www.elfinanciero.com.mx\/nacional\/2026\/02\/26\/reforma-de-salarios-dignos-cual-es-el-sueldo-base-que-propone-para-trabajadores\/\" target=\"_blank\" rel=\"noreferrer noopener\">homologaci\u00f3n salarial con la polic\u00eda estatal<\/a>, dotaci\u00f3n de uniformes de calidad y mantenimiento de patrullas.<\/p>\n\n\n\n<p>Finalmente, los polic\u00edas&nbsp;<strong>pidieron al Congreso de Tabasco la creaci\u00f3n de una comisi\u00f3n especial&nbsp;<\/strong>que investigue el destino de los recursos que son asignados a seguridad, al se\u00f1alar que el municipio de Jonuta recibe anualmente m\u00e1s de 33 millones 805 mil pesos del Fondo de Aportaciones para el Fortalecimiento de los Municipios (FORTAMUN).<\/p>\n","protected":false},"excerpt":{"rendered":"<p>Polic\u00edas tabasque\u00f1os se\u00f1alaron el abandono por parte de las autoridades, pues no cuentan con equipo&#8230;<\/p>\n","protected":false},"author":1,"featured_media":90802,"parent":0,"menu_order":0,"comment_status":"closed","ping_status":"open","template":"","meta":{"footnotes":""},"class_list":["post-2321","page","type-page","status-publish","has-post-thumbnail","hentry"],"_links":{"self":[{"href":"https:\/\/bambapolitica.com.mx\/index.php\/wp-json\/wp\/v2\/pages\/2321","targetHints":{"allow":["GET"]}}],"collection":[{"href":"https:\/\/bambapolitica.com.mx\/index.php\/wp-json\/wp\/v2\/pages"}],"about":[{"href":"https:\/\/bambapolitica.com.mx\/index.php\/wp-json\/wp\/v2\/types\/page"}],"author":[{"embeddable":true,"href":"https:\/\/bambapolitica.com.mx\/index.php\/wp-json\/wp\/v2\/users\/1"}],"replies":[{"embeddable":true,"href":"https:\/\/bambapolitica.com.mx\/index.php\/wp-json\/wp\/v2\/comments?post=2321"}],"version-history":[{"count":453,"href":"https:\/\/bambapolitica.com.mx\/index.php\/wp-json\/wp\/v2\/pages\/2321\/revisions"}],"predecessor-version":[{"id":90803,"href":"https:\/\/bambapolitica.com.mx\/index.php\/wp-json\/wp\/v2\/pages\/2321\/revisions\/90803"}],"wp:featuredmedia":[{"embeddable":true,"href":"https:\/\/bambapolitica.com.mx\/index.php\/wp-json\/wp\/v2\/media\/90802"}],"wp:attachment":[{"href":"https:\/\/bambapolitica.com.mx\/index.php\/wp-json\/wp\/v2\/media?parent=2321"}],"curies":[{"name":"wp","href":"https:\/\/api.w.org\/{rel}","templated":true}]}}