{"id":2342,"date":"2020-05-02T17:46:24","date_gmt":"2020-05-02T17:46:24","guid":{"rendered":"http:\/\/bambapolitica.com.mx\/?page_id=2342"},"modified":"2025-02-14T13:21:43","modified_gmt":"2025-02-14T19:21:43","slug":"nacional","status":"publish","type":"page","link":"https:\/\/bambapolitica.com.mx\/index.php\/nacional\/","title":{"rendered":"NACIONAL"},"content":{"rendered":"\n<h1 class=\"wp-block-heading\">As\u00ed fue el momento en el que intentaron SECUESTRAR a empresario en Toluca<\/h1>\n\n\n\n<p>14\/ Febrero \/ 2025<\/p>\n\n\n\n<p>Cinco personas que se hicieron pasar por repartidores intentaron secuestrar a un empresario en Edomex; el escolta del hombre abati\u00f3 a uno de los delincuentes.<\/p>\n\n\n\n<p>Dos personas relacionadas con el&nbsp;<strong>intento de secuestro a un empresario&nbsp;<\/strong>en el&nbsp;<a href=\"https:\/\/www.telediario.mx\/temas\/toluca\" target=\"_blank\" rel=\"noreferrer noopener\">municipio de Toluca, Estado de M\u00e9xico<\/a>, ocurrido el pasado mi\u00e9rcoles 12 de febrero, fueron detenidas en el municipio de Zinacantepec. El percance tambi\u00e9n&nbsp;<strong>dej\u00f3 a uno de los delincuentes abatido<\/strong>&nbsp;por un escolta de la v\u00edctima.<\/p>\n\n\n\n<p>De acuerdo con reportes de seguridad,&nbsp;<strong>los hechos ocurrieron en la colonia Cipr\u00e9s, en Toluca,<\/strong>&nbsp;y tras un seguimiento a trav\u00e9s de c\u00e1maras de videovigilancia del C5 se pudo establecer que los c\u00f3mplices subieron a otros veh\u00edculos, por lo que los ubicaron en avenida Cuarta Cerrada de Independencia, en la colonia San Crist\u00f3bal Tecolit, en Zinacantepec.<\/p>\n\n\n\n<p>En esta detenci\u00f3n se aseguraron tres veh\u00edculos: un Volkswagen Jetta, color blanco; una camioneta Ford tipo Van y otra camioneta de carga de res y media toneladas marca Ford C3; as\u00ed como tres armas de fuego, una de ellas marca &#8220;Glock&#8221; 17 color negro, 9 mil\u00edmetros.<\/p>\n\n\n\n<p>Por estos hechos,<strong>&nbsp;Fabiola Elizabeth \u2018N\u2019 y Alfredo \u2018N\u2019, de 25 y 31 a\u00f1os,<\/strong>&nbsp;respectivamente, fueron presentados ante la Fiscal\u00eda General de Justicia del Estado de M\u00e9xico (FGJEM) para determinar su situaci\u00f3n legal, tras su probable intervenci\u00f3n en el intento de secuestro.<\/p>\n\n\n\n<h2 class=\"wp-block-heading\">As\u00ed fue el intento de secuestro al empresario<\/h2>\n\n\n\n<p>De acuerdo con reportes oficiales de seguridad, el pasado mi\u00e9rcoles, en la calle Carmen Serd\u00e1n esquina con Juan Rodr\u00edguez, en la colonia Cipr\u00e9s, en Toluca, se frustr\u00f3 el intento de secuestro al empresario, aunque<strong>&nbsp;no se ha revelado la identidad de la persona que<\/strong>&nbsp;<strong>era el objetivo de este il\u00edcito.<\/strong><\/p>\n\n\n\n<p>Cinco personas arribaron al sitio en una camioneta de la empresa de paqueter\u00eda Mercado Libre, entraron a un inmueble e intentaron amagar al hombre presuntamente para secuestrarlo. Sin embargo su escolta habr\u00eda sacado un arma de fuego y dispar\u00f3, impactando a uno de los individuos, mientras los dem\u00e1s huyeron del lugar a pie.<\/p>\n\n\n\n<p>Param\u00e9dicos llegaron al sitio y confirmaron que el hombre, se\u00f1alado como presunto delincuente, ya no contaba con signos vitales, y\u00a0<strong>la unidad en la que se desplazaron qued\u00f3 abandonada en el sitio.<\/strong><\/p>\n\n\n\n<h2 class=\"wp-block-heading\">\u00bfD\u00f3nde reportar un secuestro en Edomex?<\/h2>\n\n\n\n<p>Si eres&nbsp;<strong>v\u00edctima o testigo de alg\u00fan delito en el Estado de M\u00e9xico<\/strong>, debes comunicarlo a las autoridades para que \u00e9stas realicen el protocolo correspondiente.<\/p>\n\n\n\n<p>El reporte lo puedes realizar a trav\u00e9s del&nbsp;<strong>Servicio de Atenci\u00f3n de Llamadas de Emergencia 911<\/strong>, el cual es un mecanismo al que los mexiquenses pueden acceder para solicitar apoyo de las instituciones de seguridad, protecci\u00f3n, bomberos, as\u00ed como atenci\u00f3n m\u00e9dica, con el fin de atender cualquier tipo de emergencia.<\/p>\n\n\n\n<p>La llamada la puedes realizar de forma gratuita y desde cualquier tel\u00e9fono. Ah\u00ed te atender\u00e1 personal capacitado para ayudar en alguna emergencia, las&nbsp;<strong>24 horas del d\u00eda, los 365 d\u00edas del a\u00f1o.<\/strong><\/p>\n\n\n\n<p><strong>Si quieres que tu reporte sea an\u00f3nimo, puedes marcar al 089,&nbsp;<\/strong>donde ser\u00e1 canalizado inmediatamente a las autoridades correspondientes, las cu\u00e1les iniciar\u00e1n la investigaci\u00f3n y en su caso,. la persecuci\u00f3n del delito.<\/p>\n\n\n\n<p>Todas las denuncias realizadas en el tel\u00e9fono 089 son completamente confidenciales y est\u00e1 disponible las 24 horas los 365 d\u00edas del a\u00f1o.<\/p>\n","protected":false},"excerpt":{"rendered":"<p>As\u00ed fue el momento en el que intentaron SECUESTRAR a empresario en Toluca 14\/ Febrero&#8230;<\/p>\n","protected":false},"author":1,"featured_media":81797,"parent":0,"menu_order":0,"comment_status":"closed","ping_status":"closed","template":"","meta":{"footnotes":""},"class_list":["post-2342","page","type-page","status-publish","has-post-thumbnail","hentry"],"_links":{"self":[{"href":"https:\/\/bambapolitica.com.mx\/index.php\/wp-json\/wp\/v2\/pages\/2342","targetHints":{"allow":["GET"]}}],"collection":[{"href":"https:\/\/bambapolitica.com.mx\/index.php\/wp-json\/wp\/v2\/pages"}],"about":[{"href":"https:\/\/bambapolitica.com.mx\/index.php\/wp-json\/wp\/v2\/types\/page"}],"author":[{"embeddable":true,"href":"https:\/\/bambapolitica.com.mx\/index.php\/wp-json\/wp\/v2\/users\/1"}],"replies":[{"embeddable":true,"href":"https:\/\/bambapolitica.com.mx\/index.php\/wp-json\/wp\/v2\/comments?post=2342"}],"version-history":[{"count":239,"href":"https:\/\/bambapolitica.com.mx\/index.php\/wp-json\/wp\/v2\/pages\/2342\/revisions"}],"predecessor-version":[{"id":81798,"href":"https:\/\/bambapolitica.com.mx\/index.php\/wp-json\/wp\/v2\/pages\/2342\/revisions\/81798"}],"wp:featuredmedia":[{"embeddable":true,"href":"https:\/\/bambapolitica.com.mx\/index.php\/wp-json\/wp\/v2\/media\/81797"}],"wp:attachment":[{"href":"https:\/\/bambapolitica.com.mx\/index.php\/wp-json\/wp\/v2\/media?parent=2342"}],"curies":[{"name":"wp","href":"https:\/\/api.w.org\/{rel}","templated":true}]}}