{"id":2348,"date":"2020-05-02T17:47:50","date_gmt":"2020-05-02T17:47:50","guid":{"rendered":"http:\/\/bambapolitica.com.mx\/?page_id=2348"},"modified":"2025-01-15T12:01:25","modified_gmt":"2025-01-15T18:01:25","slug":"policiaca","status":"publish","type":"page","link":"https:\/\/bambapolitica.com.mx\/index.php\/policiaca\/","title":{"rendered":"POLICIACA"},"content":{"rendered":"\n<p>ATORA LA POLIC\u00cdA ESTATAL A SOSPECHOSO MATA POLIC\u00cdAS DE SAN VICENTE CHICOLOAPAN.<\/p>\n\n\n\n<p>15 \/ enero\/2025<\/p>\n\n\n\n<p>Sera la Fiscal\u00eda General de Justicia del Estado de M\u00e9xico (FGJEM) del \u00e1rea de Homicidios quien tendr\u00e1 que lograr de acuerdo a las evidencias, que un sujeto asegurado por elementos de la Polic\u00eda Estatal, \u00abcante\u00bb y diga los motivos presuntamente lo orillaron a ejecutar a dos de tres polic\u00edas municipales de Chicoloapan de Ju\u00e1rez.<\/p>\n\n\n\n<p>Por medio de un bolet\u00edn, la Secretar\u00eda de Seguridad del Estado de M\u00e9xico inform\u00f3 que identificaron a dos motocicletas utilizadas por delincuentes quienes habr\u00edan asesinado a 2 personas, y quienes ser\u00edan los responsables por disparar contra elementos de la polic\u00eda municipal.<\/p>\n\n\n\n<p>El sistema de monitoreo estatal identific\u00f3 el paso de una de ellas, logrando darle alcance en V\u00eda l\u00e1ctea, en ejido La venta Cuautlalpan. El detenido de nombre Alexis de 23 a\u00f1os, seg\u00fan las c\u00e1maras, ser\u00eda muy parecido a uno de los autores de la ejecuci\u00f3n.<\/p>\n\n\n\n<p>Mientras siguen las investigaciones por lo pronto el detenido ser\u00eda se\u00f1alado por encubrimiento por receptaci\u00f3n.<\/p>\n\n\n\n<p>Aunque no lo dicen de manera directa, pareciera que se refieren a los sujetos que asesinaron a los polic\u00edas municipales(por la fecha y el lugar indicado por el bolet\u00edn). Si este fuera el caso, esperemos que la detenci\u00f3n de este sujeto permita aclarar el lamentable suceso.<\/p>\n","protected":false},"excerpt":{"rendered":"<p>ATORA LA POLIC\u00cdA ESTATAL A SOSPECHOSO MATA POLIC\u00cdAS DE SAN VICENTE CHICOLOAPAN. 15 \/ enero\/2025&#8230;<\/p>\n","protected":false},"author":1,"featured_media":80505,"parent":0,"menu_order":0,"comment_status":"closed","ping_status":"closed","template":"","meta":{"footnotes":""},"class_list":["post-2348","page","type-page","status-publish","has-post-thumbnail","hentry"],"_links":{"self":[{"href":"https:\/\/bambapolitica.com.mx\/index.php\/wp-json\/wp\/v2\/pages\/2348","targetHints":{"allow":["GET"]}}],"collection":[{"href":"https:\/\/bambapolitica.com.mx\/index.php\/wp-json\/wp\/v2\/pages"}],"about":[{"href":"https:\/\/bambapolitica.com.mx\/index.php\/wp-json\/wp\/v2\/types\/page"}],"author":[{"embeddable":true,"href":"https:\/\/bambapolitica.com.mx\/index.php\/wp-json\/wp\/v2\/users\/1"}],"replies":[{"embeddable":true,"href":"https:\/\/bambapolitica.com.mx\/index.php\/wp-json\/wp\/v2\/comments?post=2348"}],"version-history":[{"count":249,"href":"https:\/\/bambapolitica.com.mx\/index.php\/wp-json\/wp\/v2\/pages\/2348\/revisions"}],"predecessor-version":[{"id":80595,"href":"https:\/\/bambapolitica.com.mx\/index.php\/wp-json\/wp\/v2\/pages\/2348\/revisions\/80595"}],"wp:featuredmedia":[{"embeddable":true,"href":"https:\/\/bambapolitica.com.mx\/index.php\/wp-json\/wp\/v2\/media\/80505"}],"wp:attachment":[{"href":"https:\/\/bambapolitica.com.mx\/index.php\/wp-json\/wp\/v2\/media?parent=2348"}],"curies":[{"name":"wp","href":"https:\/\/api.w.org\/{rel}","templated":true}]}}